{"id":118,"date":"2020-10-03T15:48:14","date_gmt":"2020-10-03T13:48:14","guid":{"rendered":"https:\/\/reseau.ccfd-terresolidaire.org\/loire-atlantique\/?page_id=118"},"modified":"2020-10-31T14:11:45","modified_gmt":"2020-10-31T13:11:45","slug":"mentions-legales","status":"publish","type":"page","link":"https:\/\/reseau.ccfd-terresolidaire.org\/loire-atlantique\/mentions-legales\/","title":{"rendered":"Mentions l\u00e9gales"},"content":{"rendered":"\n<h3>Responsable l\u00e9gal<\/h3>\n\n\n\n<h3>H\u00e9bergeur<\/h3>\n\n\n\n<p>Ce site est h\u00e9berg\u00e9 par OVH<br>2 rue Kellermann<br>59 100 Roubaix<br>France<\/p>\n\n\n\n<p><strong>Directeur de publication\u00a0:<\/strong><br>Claude Besson, pr\u00e9sident du CCFD-Terre Solidaire en Loire Atlantique<br>T\u00e9l\u00a0: 02 40 12 48 38<br>17 rue du Moulin<br>44000 Nantes<br>SIREN\u00a0: 775 664 527<br>n\u00b0\u00a0RNA\u00a0: W759000066<\/p>\n\n\n\n<p><strong>Coordonn\u00e9es de l\u2019h\u00e9bergeur&nbsp;:<\/strong><br>Ce site internet est h\u00e9berg\u00e9 sur un serveur d\u00e9di\u00e9. Le CCFD-Terre Solidaire assume donc pleinement la responsabilit\u00e9 d\u2019h\u00e9bergeur.<\/p>\n\n\n\n<p><strong>D\u00e9claration CNIL<\/strong><br>Le site du CCFD-Terre Solidaire a fait l\u2019objet d\u2019une d\u00e9claration aupr\u00e8s de la Commission nationale de l\u2019informatique et des libert\u00e9s (CNIL) et est enregistr\u00e9 sous le r\u00e9c\u00e9piss\u00e9 n\u00b01080495.<\/p>\n\n\n\n<p><strong>Demande d\u2019autorisation de reproduction des contenus<\/strong><br>Toute copie partielle ou int\u00e9grale sur support papier ou sous forme \u00e9lectronique des pages du site du CCFD-Terre Solidaire doit faire l\u2019objet d\u2019une d\u00e9claration aupr\u00e8s du service Internet.<\/p>\n\n\n\n<p><strong>Cr\u00e9dits photographiques<\/strong><br>Sauf mention contraire, toutes les photographies du site sont la propri\u00e9t\u00e9 du CCFD-Terre Solidaire ou de leurs auteurs.<br>\u00a9 CCFD-Terre Solidaire<\/p>\n\n\n\n<p><strong>Responsabilit\u00e9 face aux liens vers d\u2019autres sites<\/strong><br>Le site du CCFD-Terre Solidaire propose des liens vers d\u2019autres sites, fran\u00e7ais ou \u00e9trangers, d\u2019associations, d\u2019organismes priv\u00e9s&#8230; Ces pages, ne font pas partie du site du CCFD-Terre Solidaire et par cons\u00e9quent, elles n\u2019engagent pas la responsabilit\u00e9 de la r\u00e9daction du site qui ne peut \u00eatre tenue pour responsable des contenus. Ils ne visent qu\u2019\u00e0 permettre \u00e0 l\u2019internaute d\u2019acc\u00e9der plus facilement \u00e0 d\u2019autres ressources documentaires sur le sujet consult\u00e9.<\/p>\n\n\n\n<p><strong>Accessibilit\u00e9 du site<\/strong><br>Un soin tout particulier est pris pour rendre le site internet du CCFD-Terre Solidaire le plus accessible possible, et tout particuli\u00e8rement aux personnes ayant un handicap visuel, pour l\u2019\u00e9galit\u00e9 des droits et des chances, la participation et la citoyennet\u00e9 des personnes handicap\u00e9es.<\/p>\n\n\n\n<p><strong>Mentions l\u00e9gales couvrant tous les OPCVM d\u00e9crits sur nos sites internet<\/strong><br>Le pr\u00e9sent document ne constitue pas une recommandation d\u2019investissement personnalis\u00e9e. Conform\u00e9ment \u00e0 la r\u00e9glementation, toute souscription devra \u00eatre pr\u00e9c\u00e9d\u00e9e d\u2019une \u00e9valuation de l\u2019exp\u00e9rience, de la situation et des objectifs du client<br>Nota\u00a0: le traitement fiscal d\u00e9pend de la situation individuelle de chaque client et est susceptible d\u2019\u00eatre modifi\u00e9 ult\u00e9rieurement<br>Les informations communiqu\u00e9es seront enregistr\u00e9es par le CCFD-Terre Solidaire uniquement pour le traitement de votre demande. Ces informations sont obligatoires. Vous disposez d\u2019un droit d\u2019acc\u00e8s, de rectification, d\u2019opposition et de suppression dans les conditions pr\u00e9vues par la loi n\u00b0\u00a078-17 du 6 janvier 1978 modifi\u00e9e, relative \u00e0 l\u2019informatique, aux fichiers et aux libert\u00e9s. Ces droits peuvent s\u2019exercer aupr\u00e8s du CCFD-Terre Solidaire (4, rue Jean Lantier 75001 Paris)<\/p>\n\n\n\n<p><strong>Donn\u00e9es statistiques et tra\u00e7abilit\u00e9<\/strong><br>Dans le but d\u2019am\u00e9liorer l\u2019ergonomie, la navigation, le contenu \u00e9ditorial et le service aux internautes, le gestionnaire des statistiques et le gestionnaire de popup du site du CCFD-Terre Solidaire stocke des informations relatives au profil des internautes\u00a0: \u00e9quipement, navigateur utilis\u00e9, origine g\u00e9ographique, navigation sur le site, fr\u00e9quence des visites, etc.<br>Ce site utilise Google Analytics, un service d\u2019analyse et de mesure d\u2019audience fourni par Google Inc. (\u00ab\u00a0Google\u00a0\u00bb).<br>Les outils de mesures d\u2019audience sont d\u00e9ploy\u00e9s afin d\u2019obtenir des informations sur la navigation des visiteurs. Ils permettent notamment de comprendre comment les utilisateurs arrivent sur un site et de reconstituer leur parcours.<br>Il est possible de d\u00e9sactiver l\u2019utilisation des cookies dans les param\u00e8tres du navigateur.<br>En utilisant ce site internet, vous consentez express\u00e9ment au traitement de vos donn\u00e9es nominatives par Google dans les conditions et pour les finalit\u00e9s d\u00e9crites ci-dessus.<\/p>\n\n\n\n<p><strong>Graphisme, visuels<\/strong><\/p>\n\n\n\n<figure class=\"wp-block-image\"><img src=\"\" alt=\"https:\/\/ccfd-terresolidaire.org\/local\/cache-vignettes\/L26xH26\/print-01b62.png?1514206905\" \/><\/figure>\n\n\n\n<p><img loading=\"lazy\" src=\"\" alt=\"https:\/\/ccfd-terresolidaire.org\/local\/cache-vignettes\/L26xH26\/sharemail-521b9.png?1514206905\" width=\"26\" height=\"26\">Les ic\u00f4nes d\u2019impression et de partage par mail ont \u00e9t\u00e9 cr\u00e9\u00e9es par <a href=\"http:\/\/www.visualpharm.com\" target=\"_blank\" rel=\"noreferrer noopener\">Visual Pharm<\/a> et sont plac\u00e9es sous licence <a href=\"http:\/\/creativecommons.org\/licenses\/by\/3.0\/deed.fr\" target=\"_blank\" rel=\"noreferrer noopener\">Creative Commons (CC BY 3.0)<\/a>.<\/p>\n\n\n\n<p><strong>Logiciels<\/strong><br>Le site internet du ccfd-terre solidaire utilise le logiciel <a rel=\"noreferrer noopener\" href=\"http:\/\/www.spip.net\/\" target=\"_blank\">SPIP<\/a>. <a rel=\"noreferrer noopener\" href=\"http:\/\/www.spip.net\/fr_article864.html\" target=\"_blank\">SPIP est un logiciel libre distribu\u00e9 sous licence GPL<\/a>, aussi appel\u00e9e en fran\u00e7ais Licence Publique G\u00e9n\u00e9rale GNU.<br>L\u2019interface du site a \u00e9t\u00e9 cr\u00e9\u00e9e en utilisant le <em>framework<\/em> <a rel=\"noreferrer noopener\" href=\"http:\/\/foundation.zurb.com\" target=\"_blank\">Foundation<\/a> distribu\u00e9 sous <a rel=\"noreferrer noopener\" href=\"https:\/\/raw.github.com\/zurb\/foundation\/master\/LICENSE\" target=\"_blank\">licence MIT<\/a>.<\/p>\n\n\n\n<p><br>\u00a0<\/p>\n\n\n\n<p><strong>D\u00e9finition d\u2019un cookie<\/strong><br>Un cookie est un fichier texte d\u00e9pos\u00e9 sur votre ordinateur lors de la visite d\u2019un site ou de la consultation d\u2019une publicit\u00e9. Il a pour but de collecter des informations relatives \u00e0 votre navigation et de vous adresser des services adapt\u00e9s \u00e0 votre terminal (ordinateur, mobile ou tablette).<\/p>\n\n\n\n<p>Les cookies sont g\u00e9r\u00e9s par votre navigateur internet.<\/p>\n\n\n\n<p><strong>Les diff\u00e9rents \u00e9metteurs<\/strong><br>Les cookies ccfd-terresolidaire.org<br>Il s\u2019agit des cookies d\u00e9pos\u00e9s par ccfd-terresolidaire.org sur votre terminal pour r\u00e9pondre \u00e0 des fins de statistiques<\/p>\n\n\n\n<p><strong>Param\u00e9trer votre navigateur internet<\/strong><br>Vous pouvez \u00e0 tout moment choisir de d\u00e9sactiver ces cookies. Votre navigateur peut \u00e9galement \u00eatre param\u00e9tr\u00e9 pour vous signaler les cookies qui sont d\u00e9pos\u00e9s dans votre ordinateur et vous demander de les accepter ou pas.<br>Vous pouvez accepter ou refuser les cookies au cas par cas ou bien les refuser syst\u00e9matiquement.<br>Nous vous rappelons que le param\u00e9trage est susceptible de modifier vos conditions d\u2019acc\u00e8s \u00e0 nos contenus et services n\u00e9cessitant l\u2019utilisation de cookies.<br>Si votre navigateur est configur\u00e9 de mani\u00e8re \u00e0 refuser l\u2019ensemble des cookies, vous ne pourrez pas profiter d\u2019une partie de nos services. Afin de g\u00e9rer les cookies au plus pr\u00e8s de vos attentes nous vous invitons \u00e0 param\u00e9trer votre navigateur en tenant compte de la finalit\u00e9 des cookies.<\/p>\n\n\n\n<p><strong>Internet Explorer<\/strong><br>Dans Internet Explorer, cliquez sur le bouton Outils, puis sur Options Internet.<br>Sous l\u2019onglet G\u00e9n\u00e9ral, sous Historique de navigation, cliquez sur Param\u00e8tres.<br>Cliquez sur le bouton Afficher les fichiers.<\/p>\n\n\n\n<p><strong>Firefox<\/strong><br>Allez dans l\u2019onglet Outils du navigateur puis s\u00e9lectionnez le menu Options<br>Dans la fen\u00eatre qui s\u2019affiche, choisissez Vie priv\u00e9e et cliquez sur Affichez les cookies<\/p>\n\n\n\n<p><strong>Safari<\/strong><br>Dans votre navigateur, choisissez le menu \u00c9dition &gt; Pr\u00e9f\u00e9rences.<br>Cliquez sur S\u00e9curit\u00e9.<br>Cliquez sur Afficher les cookies.<br>Google Chrome<br>Cliquez sur l\u2019ic\u00f4ne du menu Outils.<br>S\u00e9lectionnez Options.<br>Cliquez sur l\u2019onglet Options avanc\u00e9es et acc\u00e9dez \u00e0 la section Confidentialit\u00e9.<br>Cliquez sur le bouton Afficher les cookies.<\/p>\n\n\n\n<p><strong>Liste de cookies<\/strong><br>Voici une liste de cookies logiciels que dont le CCFD-Terre Solidaire se sert. Ceux-ci utilisent des cookies qui peuvent set stocker sur votre ordinateur pour vous fournir des engagements conform\u00e9ment \u00e0 notre politique sur les cookies.<\/p>\n\n\n\n<p><strong>Google Analytics<\/strong><br>Le CCFD-Terre Solidaire utilise le service de Google Analytics afin de mesurer l\u2019audience de son internet. Cela permet de conna\u00eetre l\u2019utilisation et les performances de son site et d\u2019en am\u00e9liorer le fonctionnement (par exemple, les pages les plus consult\u00e9es).<\/p>\n\n\n\n<p><strong>Google AdWords<\/strong><br>Le CCFD-Terre Solidaire utilise le service Google Adwords afin de promouvoir notre association et nos projets via des publicit\u00e9s cibl\u00e9es destin\u00e9es aux internautes. Ils sont notamment utilis\u00e9s pour limiter le nombre de fois o\u00f9 vous voyez une publicit\u00e9 et aider \u00e0 mesurer l\u2019efficacit\u00e9 des campagnes de l\u2019association<\/p>\n\n\n\n<p><strong>Facebook Ads<\/strong><br>Le CCFD-Terre Solidaire utilise le service Facebook Ads afin de collecter des informations sur les visiteurs de son site permettant d\u2019am\u00e9liorer l\u2019efficacit\u00e9 de ses campagnes publicitaires sur Facebook.<\/p>\n\n\n\n<p><strong>Twitter Ads<\/strong><br>Le CCFD-Terre Solidaire utilise le service Twitter Ads afin de collecter des informations sur les visiteurs de son site permettant d\u2019am\u00e9liorer l\u2019efficacit\u00e9 de ses campagnes publicitaires sur Twitter.<\/p>\n\n\n\n<p><strong>iRaiser<\/strong><br>Le CCFD-Terre Solidaire utilise le service iRaiser afin de collecter des informations sur les visiteurs de son site permettant d\u2019am\u00e9liorer notre solution de dons en ligne.<\/p>\n","protected":false},"excerpt":{"rendered":"<p>Responsable l\u00e9gal H\u00e9bergeur Ce site est h\u00e9berg\u00e9 par OVH2 rue Kellermann59 100 RoubaixFrance Directeur de publication\u00a0:Claude Besson, pr\u00e9sident du CCFD-Terre Solidaire en Loire AtlantiqueT\u00e9l\u00a0: 02 40 12 48 3817 rue du Moulin44000 NantesSIREN\u00a0: 775 664 527n\u00b0\u00a0RNA\u00a0: W759000066 Coordonn\u00e9es de l\u2019h\u00e9bergeur&nbsp;:Ce site internet est h\u00e9berg\u00e9 sur un serveur d\u00e9di\u00e9. Le CCFD-Terre Solidaire assume donc pleinement la&#8230;<\/p>\n","protected":false},"author":1,"featured_media":0,"parent":0,"menu_order":0,"comment_status":"closed","ping_status":"closed","template":"","meta":[],"_links":{"self":[{"href":"https:\/\/reseau.ccfd-terresolidaire.org\/loire-atlantique\/wp-json\/wp\/v2\/pages\/118"}],"collection":[{"href":"https:\/\/reseau.ccfd-terresolidaire.org\/loire-atlantique\/wp-json\/wp\/v2\/pages"}],"about":[{"href":"https:\/\/reseau.ccfd-terresolidaire.org\/loire-atlantique\/wp-json\/wp\/v2\/types\/page"}],"author":[{"embeddable":true,"href":"https:\/\/reseau.ccfd-terresolidaire.org\/loire-atlantique\/wp-json\/wp\/v2\/users\/1"}],"replies":[{"embeddable":true,"href":"https:\/\/reseau.ccfd-terresolidaire.org\/loire-atlantique\/wp-json\/wp\/v2\/comments?post=118"}],"version-history":[{"count":4,"href":"https:\/\/reseau.ccfd-terresolidaire.org\/loire-atlantique\/wp-json\/wp\/v2\/pages\/118\/revisions"}],"predecessor-version":[{"id":632,"href":"https:\/\/reseau.ccfd-terresolidaire.org\/loire-atlantique\/wp-json\/wp\/v2\/pages\/118\/revisions\/632"}],"wp:attachment":[{"href":"https:\/\/reseau.ccfd-terresolidaire.org\/loire-atlantique\/wp-json\/wp\/v2\/media?parent=118"}],"curies":[{"name":"wp","href":"https:\/\/api.w.org\/{rel}","templated":true}]}}