{"id":37,"date":"2020-10-01T16:50:44","date_gmt":"2020-10-01T14:50:44","guid":{"rendered":"https:\/\/reseau.ccfd-terresolidaire.org\/loire-atlantique\/?page_id=37"},"modified":"2026-02-10T18:36:22","modified_gmt":"2026-02-10T17:36:22","slug":"qui-sommes-nous","status":"publish","type":"page","link":"https:\/\/reseau.ccfd-terresolidaire.org\/loire-atlantique\/qui-sommes-nous\/","title":{"rendered":"Qui sommes-nous?"},"content":{"rendered":"\t\t<div data-elementor-type=\"wp-page\" data-elementor-id=\"37\" class=\"elementor elementor-37\" data-elementor-settings=\"[]\">\n\t\t\t\t\t\t<div class=\"elementor-inner\">\n\t\t\t\t\t\t\t<div class=\"elementor-section-wrap\">\n\t\t\t\t\t\t\t<section class=\"elementor-section elementor-top-section elementor-element elementor-element-aacbb15 elementor-section-boxed elementor-section-height-default elementor-section-height-default\" data-id=\"aacbb15\" data-element_type=\"section\">\n\t\t\t\t\t\t<div class=\"elementor-container elementor-column-gap-default\">\n\t\t\t\t\t\t\t<div class=\"elementor-row\">\n\t\t\t\t\t<div class=\"elementor-column elementor-col-100 elementor-top-column elementor-element elementor-element-59d55fc\" data-id=\"59d55fc\" data-element_type=\"column\">\n\t\t\t<div class=\"elementor-column-wrap elementor-element-populated\">\n\t\t\t\t\t\t\t<div class=\"elementor-widget-wrap\">\n\t\t\t\t\t\t<div class=\"elementor-element elementor-element-390eb01 elementor-widget elementor-widget-image\" data-id=\"390eb01\" data-element_type=\"widget\" data-widget_type=\"image.default\">\n\t\t\t\t<div class=\"elementor-widget-container\">\n\t\t\t\t\t<div class=\"elementor-image\">\n\t\t\t\t\t\t\t\t\t\t<img width=\"1200\" height=\"801\" src=\"https:\/\/reseau.ccfd-terresolidaire.org\/loire-atlantique\/wp-content\/uploads\/sites\/2\/2024\/10\/ReportageAgroecologieMaroc1.jpg\" class=\"attachment-full size-full\" alt=\"\" loading=\"lazy\" srcset=\"https:\/\/reseau.ccfd-terresolidaire.org\/loire-atlantique\/wp-content\/uploads\/sites\/2\/2024\/10\/ReportageAgroecologieMaroc1.jpg 1200w, https:\/\/reseau.ccfd-terresolidaire.org\/loire-atlantique\/wp-content\/uploads\/sites\/2\/2024\/10\/ReportageAgroecologieMaroc1-300x200.jpg 300w, https:\/\/reseau.ccfd-terresolidaire.org\/loire-atlantique\/wp-content\/uploads\/sites\/2\/2024\/10\/ReportageAgroecologieMaroc1-1024x684.jpg 1024w, https:\/\/reseau.ccfd-terresolidaire.org\/loire-atlantique\/wp-content\/uploads\/sites\/2\/2024\/10\/ReportageAgroecologieMaroc1-768x513.jpg 768w\" sizes=\"(max-width: 1200px) 100vw, 1200px\" \/>\t\t\t\t\t\t\t\t\t\t\t<\/div>\n\t\t\t\t<\/div>\n\t\t\t\t<\/div>\n\t\t\t\t\t\t<\/div>\n\t\t\t\t\t<\/div>\n\t\t<\/div>\n\t\t\t\t\t\t\t\t<\/div>\n\t\t\t\t\t<\/div>\n\t\t<\/section>\n\t\t\t\t<section class=\"elementor-section elementor-top-section elementor-element elementor-element-cafd3bd elementor-section-boxed elementor-section-height-default elementor-section-height-default\" data-id=\"cafd3bd\" data-element_type=\"section\">\n\t\t\t\t\t\t<div class=\"elementor-container elementor-column-gap-default\">\n\t\t\t\t\t\t\t<div class=\"elementor-row\">\n\t\t\t\t\t<div class=\"elementor-column elementor-col-100 elementor-top-column elementor-element elementor-element-d6f6032\" data-id=\"d6f6032\" data-element_type=\"column\">\n\t\t\t<div class=\"elementor-column-wrap elementor-element-populated\">\n\t\t\t\t\t\t\t<div class=\"elementor-widget-wrap\">\n\t\t\t\t\t\t<div class=\"elementor-element elementor-element-db2b76b elementor-aspect-ratio-169 elementor-widget elementor-widget-video\" data-id=\"db2b76b\" data-element_type=\"widget\" data-settings=\"{&quot;youtube_url&quot;:&quot;https:\\\/\\\/www.youtube.com\\\/watch?v=XwpSnZ404f0&amp;t=59s&quot;,&quot;modestbranding&quot;:&quot;yes&quot;,&quot;yt_privacy&quot;:&quot;yes&quot;,&quot;video_type&quot;:&quot;youtube&quot;,&quot;controls&quot;:&quot;yes&quot;,&quot;aspect_ratio&quot;:&quot;169&quot;}\" data-widget_type=\"video.default\">\n\t\t\t\t<div class=\"elementor-widget-container\">\n\t\t\t\t\t<div class=\"elementor-wrapper elementor-fit-aspect-ratio elementor-open-inline\">\n\t\t\t<div class=\"elementor-video\"><\/div>\t\t<\/div>\n\t\t\t\t<\/div>\n\t\t\t\t<\/div>\n\t\t\t\t<div class=\"elementor-element elementor-element-6440aef elementor-widget elementor-widget-heading\" data-id=\"6440aef\" data-element_type=\"widget\" data-widget_type=\"heading.default\">\n\t\t\t\t<div class=\"elementor-widget-container\">\n\t\t\t<h1 class=\"elementor-heading-title elementor-size-default\">Qui sommes-nous ?<\/h1>\t\t<\/div>\n\t\t\t\t<\/div>\n\t\t\t\t<div class=\"elementor-element elementor-element-e93cd88 elementor-widget elementor-widget-text-editor\" data-id=\"e93cd88\" data-element_type=\"widget\" data-widget_type=\"text-editor.default\">\n\t\t\t\t<div class=\"elementor-widget-container\">\n\t\t\t\t\t<div class=\"elementor-text-editor elementor-clearfix\"><p>Acteur historique du changement, le CCFD-Terre Solidaire agit contre toutes les causes directes et indirectes de la faim et toutes les formes d\u2019injustices. Cet engagement pour plus de justice et de solidarit\u00e9 prend racine dans l\u2019\u00c9vangile et la pens\u00e9e sociale de l\u2019Eglise. Loin des pratiques d\u2019assistance et d\u2019urgence, notre action de solidarit\u00e9 internationale repose sur des <strong>partenariats avec des organisations locales<\/strong>. Nous accompagnons plus de <strong>400 acteurs<\/strong> dans <strong>63 pays<\/strong> et <strong>soutenons <a href=\"https:\/\/ccfd-terresolidaire.org\/projets\/\">leurs projets<\/a><\/strong>.<\/p>\n<p>En Loire-Atlantique, plus de trois-cents b\u00e9n\u00e9voles, r\u00e9partis sur l\u2019ensemble du d\u00e9partement, organisent <strong>des ateliers dans des \u00e9coles, des d\u00e9bats publics, des rencontres avec des acteurs engag\u00e9s en France et \u00e0 l\u2019international, des campagnes citoyennes\u2026 <\/strong>Les modalit\u00e9s d\u2019action sont multiples, les formes d\u2019engagement \u00e9galement.<\/p>\n<p>Retrouver le dernier num\u00e9ro de notre journal local <a href=\"https:\/\/reseau.ccfd-terresolidaire.org\/loire-atlantique\/wp-content\/uploads\/sites\/2\/2026\/02\/Fadela144_fevrier2026.pdf\">FADELA.<\/a><\/p>\n<p>Et voir les num\u00e9ros pr\u00e9c\u00e9dents :<\/p>\n<p><a href=\"https:\/\/reseau.ccfd-terresolidaire.org\/loire-atlantique\/wp-content\/uploads\/sites\/2\/2025\/09\/Fadela143_septembre2025comp.pdf\">Fadela 143 septembre 2025<\/a><\/p>\n<p><a href=\"https:\/\/reseau.ccfd-terresolidaire.org\/loire-atlantique\/wp-content\/uploads\/sites\/2\/2025\/07\/Fadela142_mai2025.pdf\">Fadela 142 Mai 2025<\/a><\/p>\n<p><a href=\"https:\/\/reseau.ccfd-terresolidaire.org\/loire-atlantique\/wp-content\/uploads\/sites\/2\/2025\/02\/Fadela141_fevrier2025com.pdf\">Fadela 141 F\u00e9vrier 2025<\/a><\/p>\n<p><a href=\"https:\/\/reseau.ccfd-terresolidaire.org\/loire-atlantique\/wp-content\/uploads\/sites\/2\/2025\/02\/Fadela140_octobre2024comp.pdf\">Fadela 140 octobre 2024<\/a><\/p>\n<p><a href=\"https:\/\/reseau.ccfd-terresolidaire.org\/loire-atlantique\/wp-content\/uploads\/sites\/2\/2024\/05\/Fadela139_Mai2024comp.pdf\">Fadela 139 Mai 2024<\/a><\/p><\/div>\n\t\t\t\t<\/div>\n\t\t\t\t<\/div>\n\t\t\t\t\t\t<\/div>\n\t\t\t\t\t<\/div>\n\t\t<\/div>\n\t\t\t\t\t\t\t\t<\/div>\n\t\t\t\t\t<\/div>\n\t\t<\/section>\n\t\t\t\t<section class=\"elementor-section elementor-top-section elementor-element elementor-element-ff659f9 elementor-section-boxed elementor-section-height-default elementor-section-height-default\" data-id=\"ff659f9\" data-element_type=\"section\" data-settings=\"{&quot;background_background&quot;:&quot;classic&quot;}\">\n\t\t\t\t\t\t<div class=\"elementor-container elementor-column-gap-default\">\n\t\t\t\t\t\t\t<div class=\"elementor-row\">\n\t\t\t\t\t<div class=\"elementor-column elementor-col-50 elementor-top-column elementor-element elementor-element-7737233\" data-id=\"7737233\" data-element_type=\"column\">\n\t\t\t<div class=\"elementor-column-wrap elementor-element-populated\">\n\t\t\t\t\t\t\t<div class=\"elementor-widget-wrap\">\n\t\t\t\t\t\t<div class=\"elementor-element elementor-element-d338a06 elementor-widget elementor-widget-heading\" data-id=\"d338a06\" data-element_type=\"widget\" data-widget_type=\"heading.default\">\n\t\t\t\t<div class=\"elementor-widget-container\">\n\t\t\t<h5 class=\"elementor-heading-title elementor-size-default\">Vous avez envie de contribuer<br>\u00e0 un monde plus juste?<\/h5>\t\t<\/div>\n\t\t\t\t<\/div>\n\t\t\t\t<div class=\"elementor-element elementor-element-9bce021 elementor-widget elementor-widget-heading\" data-id=\"9bce021\" data-element_type=\"widget\" data-widget_type=\"heading.default\">\n\t\t\t\t<div class=\"elementor-widget-container\">\n\t\t\t<h4 class=\"elementor-heading-title elementor-size-default\">Devenez b\u00e9n\u00e9vole<\/h4>\t\t<\/div>\n\t\t\t\t<\/div>\n\t\t\t\t<div class=\"elementor-element elementor-element-7af6435 elementor-align-left elementor-widget elementor-widget-button\" data-id=\"7af6435\" data-element_type=\"widget\" data-widget_type=\"button.default\">\n\t\t\t\t<div class=\"elementor-widget-container\">\n\t\t\t\t\t<div class=\"elementor-button-wrapper\">\n\t\t\t<a href=\"https:\/\/reseau.ccfd-terresolidaire.org\/loire-atlantique\/contactez-nous\/\" class=\"elementor-button-link elementor-button elementor-size-sm\" role=\"button\">\n\t\t\t\t\t\t<span class=\"elementor-button-content-wrapper\">\n\t\t\t\t\t\t<span class=\"elementor-button-text\">Contactez-nous<\/span>\n\t\t<\/span>\n\t\t\t\t\t<\/a>\n\t\t<\/div>\n\t\t\t\t<\/div>\n\t\t\t\t<\/div>\n\t\t\t\t\t\t<\/div>\n\t\t\t\t\t<\/div>\n\t\t<\/div>\n\t\t\t\t<div class=\"elementor-column elementor-col-50 elementor-top-column elementor-element elementor-element-a5f1b0d\" data-id=\"a5f1b0d\" data-element_type=\"column\">\n\t\t\t<div class=\"elementor-column-wrap elementor-element-populated\">\n\t\t\t\t\t\t\t<div class=\"elementor-widget-wrap\">\n\t\t\t\t\t\t<div class=\"elementor-element elementor-element-4d95cce elementor-widget elementor-widget-text-editor\" data-id=\"4d95cce\" data-element_type=\"widget\" data-widget_type=\"text-editor.default\">\n\t\t\t\t<div class=\"elementor-widget-container\">\n\t\t\t\t\t<div class=\"elementor-text-editor elementor-clearfix\"><p>Sensibiliser, mobiliser, rencontrer, interpeller, collecter&#8230; autant de propositions dans lesquelles vous pouvez vous rendre utiles.<\/p><\/div>\n\t\t\t\t<\/div>\n\t\t\t\t<\/div>\n\t\t\t\t\t\t<\/div>\n\t\t\t\t\t<\/div>\n\t\t<\/div>\n\t\t\t\t\t\t\t\t<\/div>\n\t\t\t\t\t<\/div>\n\t\t<\/section>\n\t\t\t\t<section class=\"elementor-section elementor-top-section elementor-element elementor-element-46b2f4f elementor-section-boxed elementor-section-height-default elementor-section-height-default\" data-id=\"46b2f4f\" data-element_type=\"section\">\n\t\t\t\t\t\t<div class=\"elementor-container elementor-column-gap-default\">\n\t\t\t\t\t\t\t<div class=\"elementor-row\">\n\t\t\t\t\t<div class=\"elementor-column elementor-col-100 elementor-top-column elementor-element elementor-element-63e8c57\" data-id=\"63e8c57\" data-element_type=\"column\">\n\t\t\t<div class=\"elementor-column-wrap elementor-element-populated\">\n\t\t\t\t\t\t\t<div class=\"elementor-widget-wrap\">\n\t\t\t\t\t\t<div class=\"elementor-element elementor-element-f5555cd elementor-widget elementor-widget-heading\" data-id=\"f5555cd\" data-element_type=\"widget\" data-widget_type=\"heading.default\">\n\t\t\t\t<div class=\"elementor-widget-container\">\n\t\t\t<h3 class=\"elementor-heading-title elementor-size-default\">Le CCFD-Terre Solidaire pr\u00e8s de chez vous - En cliquant sur les logos sur la carte, vous avez les noms des r\u00e9f\u00e9rents. Si vous souhaitez les contacter, envoyez un mail \u00e0 ccfd44@ccfd-terresolidaire.org ou t\u00e9l\u00e9phonez au 02 40 12 48 38<\/h3>\t\t<\/div>\n\t\t\t\t<\/div>\n\t\t\t\t\t\t<\/div>\n\t\t\t\t\t<\/div>\n\t\t<\/div>\n\t\t\t\t\t\t\t\t<\/div>\n\t\t\t\t\t<\/div>\n\t\t<\/section>\n\t\t\t\t<section class=\"elementor-section elementor-top-section elementor-element elementor-element-138c773 elementor-section-boxed elementor-section-height-default elementor-section-height-default\" data-id=\"138c773\" data-element_type=\"section\">\n\t\t\t\t\t\t<div class=\"elementor-container elementor-column-gap-default\">\n\t\t\t\t\t\t\t<div class=\"elementor-row\">\n\t\t\t\t\t<div class=\"elementor-column elementor-col-100 elementor-top-column elementor-element elementor-element-3a73cbb\" data-id=\"3a73cbb\" data-element_type=\"column\">\n\t\t\t<div class=\"elementor-column-wrap elementor-element-populated\">\n\t\t\t\t\t\t\t<div class=\"elementor-widget-wrap\">\n\t\t\t\t\t\t<div class=\"elementor-element elementor-element-fcf6e64 elementor-widget elementor-widget-shortcode\" data-id=\"fcf6e64\" data-element_type=\"widget\" data-widget_type=\"shortcode.default\">\n\t\t\t\t<div class=\"elementor-widget-container\">\n\t\t\t\t\t<div class=\"elementor-shortcode\"><iframe loading=\"lazy\" src=\"https:\/\/www.google.com\/maps\/d\/embed?mid=1biMnPz-dJ0xRfCj8rN0jXgQHHtXTeWnO\" width=\"640\" height=\"480\"><\/iframe><\/div>\n\t\t\t\t<\/div>\n\t\t\t\t<\/div>\n\t\t\t\t\t\t<\/div>\n\t\t\t\t\t<\/div>\n\t\t<\/div>\n\t\t\t\t\t\t\t\t<\/div>\n\t\t\t\t\t<\/div>\n\t\t<\/section>\n\t\t\t\t<section class=\"elementor-section elementor-top-section elementor-element elementor-element-50f5899 elementor-section-boxed elementor-section-height-default elementor-section-height-default\" data-id=\"50f5899\" data-element_type=\"section\">\n\t\t\t\t\t\t<div class=\"elementor-container elementor-column-gap-default\">\n\t\t\t\t\t\t\t<div class=\"elementor-row\">\n\t\t\t\t\t<div class=\"elementor-column elementor-col-100 elementor-top-column elementor-element elementor-element-2cadc12\" data-id=\"2cadc12\" data-element_type=\"column\">\n\t\t\t<div class=\"elementor-column-wrap elementor-element-populated\">\n\t\t\t\t\t\t\t<div class=\"elementor-widget-wrap\">\n\t\t\t\t\t\t<div class=\"elementor-element elementor-element-379e9bb elementor-widget elementor-widget-heading\" data-id=\"379e9bb\" data-element_type=\"widget\" data-widget_type=\"heading.default\">\n\t\t\t\t<div class=\"elementor-widget-container\">\n\t\t\t<h4 class=\"elementor-heading-title elementor-size-default\">Actualit\u00e9s en Loire Atlantique<\/h4>\t\t<\/div>\n\t\t\t\t<\/div>\n\t\t\t\t<div class=\"elementor-element elementor-element-a21ba06 elementor-widget elementor-widget-vinazine-hot-post\" data-id=\"a21ba06\" data-element_type=\"widget\" data-widget_type=\"vinazine-hot-post.default\">\n\t\t\t\t<div class=\"elementor-widget-container\">\n\t\t\t        \n                    <div class=\"has-block-title-style1 ts-grid-box \">\n                \n                <div data-autoplay=\"no\" class=\"owl-carousel hot-topics-slider grid-slider\">\n\n                                            <div class=\"item grid-sm  grid-no-desc\">\n                            <div class=\"heighlight post-9822 post type-post status-publish format-standard has-post-thumbnail hentry category-evenement\" style=\"color:#ffffff; background-color:#d72924; border-left-color:#d72924\">\n\t<div class=\"item\">\n\t\n\t\t<div class=\"ts-post-thumb\">\n\t\t\t<a href=\"https:\/\/reseau.ccfd-terresolidaire.org\/loire-atlantique\/2026\/03\/24\/cine-debat-toucher-la-terre\/\">\n\t\t\t\t<img \n\t\t\t\t\tclass=\"img-fluid\" \n\t\t\t\t\tsrc=\"https:\/\/reseau.ccfd-terresolidaire.org\/loire-atlantique\/wp-content\/uploads\/sites\/2\/2026\/03\/siteCinedebattouragricoleMRJC-455x300.png\" \n\t\t\t\t\talt=\"CIN\u00c9 D\u00c9BAT- \u00ab\u00a0Toucher la terre\u00a0\u00bb\">\n\t\t\t<\/a>\n\t\t\t\t\t\t\t<a \n\t\t\t\t\tclass=\"post-cat\" \n\t\t\t\t\thref=\"https:\/\/reseau.ccfd-terresolidaire.org\/loire-atlantique\/category\/evenement\/\"\n\t\t\t\t\tstyle=\"color:#ffffff; background-color:#d72924; border-left-color:#d72924\"\n\t\t\t\t\t>\n\t\t\t\t\t<span style=\"color:#ffffff; background-color:#d72924; border-left-color:#d72924\"><\/span>\n\t\t\t\t\t\u00c9v\u00e9nement\t\t\t\t<\/a>\n\t\t\t\t\t<\/div>\n\t\t<div class=\"post-content\">\n\t\t\n\t\t\t<h3 class=\"post-title\">\n\t\t\t\t<a href=\"https:\/\/reseau.ccfd-terresolidaire.org\/loire-atlantique\/2026\/03\/24\/cine-debat-toucher-la-terre\/\">CIN\u00c9 D\u00c9BAT- \u00ab\u00a0Toucher la terre\u00a0\u00bb<\/a>\n\t\t\t<\/h3>\n\t\t\t<ul class=\"post-meta-info\">\n\t\t\t\t\t\t\t\t\t\t\t\t<li>\n\t\t\t\t\t<i class=\"fa fa-clock-o\"><\/i>24 mars 2026\t\t\t\t<\/li>\n\t\t\t\t\t\t\t<\/ul>\n\t\t\t<p>\n\t\t\t\tCin\u00e9-d\u00e9bat \"Toucher a Terre\" avec le tour de France agricole\t\t\t<\/p>\n\t\t<\/div>\n\t<\/div>\n<\/div>                        <\/div>\n                                            <div class=\"item grid-sm  grid-no-desc\">\n                            <div class=\"heighlight post-9812 post type-post status-publish format-standard has-post-thumbnail hentry category-actualites\" style=\"color:#ffffff; background-color:#d72924; border-left-color:#d72924\">\n\t<div class=\"item\">\n\t\n\t\t<div class=\"ts-post-thumb\">\n\t\t\t<a href=\"https:\/\/reseau.ccfd-terresolidaire.org\/loire-atlantique\/2026\/03\/09\/nourrir-le-monde-entier-en-preservant-notre-planete-et-en-respectant-les-modes-de-vie-des-habitants\/\">\n\t\t\t\t<img \n\t\t\t\t\tclass=\"img-fluid\" \n\t\t\t\t\tsrc=\"https:\/\/reseau.ccfd-terresolidaire.org\/loire-atlantique\/wp-content\/uploads\/sites\/2\/2026\/03\/imageproces-455x300.png\" \n\t\t\t\t\talt=\"Nourrir le monde entier en pr\u00e9servant notre plan\u00e8te et en respectant les modes de vie des habitants\u2026\">\n\t\t\t<\/a>\n\t\t\t\t\t\t\t<a \n\t\t\t\t\tclass=\"post-cat\" \n\t\t\t\t\thref=\"https:\/\/reseau.ccfd-terresolidaire.org\/loire-atlantique\/category\/actualites\/\"\n\t\t\t\t\tstyle=\"color:#ffffff; background-color:#d72924; border-left-color:#d72924\"\n\t\t\t\t\t>\n\t\t\t\t\t<span style=\"color:#ffffff; background-color:#d72924; border-left-color:#d72924\"><\/span>\n\t\t\t\t\tActualit\u00e9s\t\t\t\t<\/a>\n\t\t\t\t\t<\/div>\n\t\t<div class=\"post-content\">\n\t\t\n\t\t\t<h3 class=\"post-title\">\n\t\t\t\t<a href=\"https:\/\/reseau.ccfd-terresolidaire.org\/loire-atlantique\/2026\/03\/09\/nourrir-le-monde-entier-en-preservant-notre-planete-et-en-respectant-les-modes-de-vie-des-habitants\/\">Nourrir le monde entier en pr\u00e9servant notre plan\u00e8te et en respectant les modes de vie des habitants\u2026<\/a>\n\t\t\t<\/h3>\n\t\t\t<ul class=\"post-meta-info\">\n\t\t\t\t\t\t\t\t\t\t\t\t<li>\n\t\t\t\t\t<i class=\"fa fa-clock-o\"><\/i>9 mars 2026\t\t\t\t<\/li>\n\t\t\t\t\t\t\t<\/ul>\n\t\t\t<p>\n\t\t\t\tNourri le monde ... Proc\u00e8s th\u00e9\u00e2tralis\u00e9e de l'agro\u00e9cologie \u00e0 Orvault\t\t\t<\/p>\n\t\t<\/div>\n\t<\/div>\n<\/div>                        <\/div>\n                                            <div class=\"item grid-sm  grid-no-desc\">\n                            <div class=\"heighlight post-9806 post type-post status-publish format-standard has-post-thumbnail hentry category-actualites\" style=\"color:#ffffff; background-color:#d72924; border-left-color:#d72924\">\n\t<div class=\"item\">\n\t\n\t\t<div class=\"ts-post-thumb\">\n\t\t\t<a href=\"https:\/\/reseau.ccfd-terresolidaire.org\/loire-atlantique\/2026\/03\/09\/proces-theatralise-de-lagroecologie\/\">\n\t\t\t\t<img \n\t\t\t\t\tclass=\"img-fluid\" \n\t\t\t\t\tsrc=\"https:\/\/reseau.ccfd-terresolidaire.org\/loire-atlantique\/wp-content\/uploads\/sites\/2\/2026\/03\/Patrick-Piro-CCFD-Terre-Solidaire-455x300.jpg\" \n\t\t\t\t\talt=\"Proc\u00e8s th\u00e9\u00e2tralis\u00e9 de l\u2019agro\u00e9cologie\">\n\t\t\t<\/a>\n\t\t\t\t\t\t\t<a \n\t\t\t\t\tclass=\"post-cat\" \n\t\t\t\t\thref=\"https:\/\/reseau.ccfd-terresolidaire.org\/loire-atlantique\/category\/actualites\/\"\n\t\t\t\t\tstyle=\"color:#ffffff; background-color:#d72924; border-left-color:#d72924\"\n\t\t\t\t\t>\n\t\t\t\t\t<span style=\"color:#ffffff; background-color:#d72924; border-left-color:#d72924\"><\/span>\n\t\t\t\t\tActualit\u00e9s\t\t\t\t<\/a>\n\t\t\t\t\t<\/div>\n\t\t<div class=\"post-content\">\n\t\t\n\t\t\t<h3 class=\"post-title\">\n\t\t\t\t<a href=\"https:\/\/reseau.ccfd-terresolidaire.org\/loire-atlantique\/2026\/03\/09\/proces-theatralise-de-lagroecologie\/\">Proc\u00e8s th\u00e9\u00e2tralis\u00e9 de l\u2019agro\u00e9cologie<\/a>\n\t\t\t<\/h3>\n\t\t\t<ul class=\"post-meta-info\">\n\t\t\t\t\t\t\t\t\t\t\t\t<li>\n\t\t\t\t\t<i class=\"fa fa-clock-o\"><\/i>9 mars 2026\t\t\t\t<\/li>\n\t\t\t\t\t\t\t<\/ul>\n\t\t\t<p>\n\t\t\t\tProc\u00e8s th\u00e9\u00e2tralis\u00e9e de l'agro\u00e9cologie \u00e0 Ch\u00e2teaubriant\t\t\t<\/p>\n\t\t<\/div>\n\t<\/div>\n<\/div>                        <\/div>\n                                            <div class=\"item grid-sm  grid-no-desc\">\n                            <div class=\"heighlight post-9780 post type-post status-publish format-standard has-post-thumbnail hentry category-actualites\" style=\"color:#ffffff; background-color:#d72924; border-left-color:#d72924\">\n\t<div class=\"item\">\n\t\n\t\t<div class=\"ts-post-thumb\">\n\t\t\t<a href=\"https:\/\/reseau.ccfd-terresolidaire.org\/loire-atlantique\/2026\/03\/02\/temoignage-de-notre-partenaire-terre-et-humanisme-maroc-en-visio\/\">\n\t\t\t\t<img \n\t\t\t\t\tclass=\"img-fluid\" \n\t\t\t\t\tsrc=\"https:\/\/reseau.ccfd-terresolidaire.org\/loire-atlantique\/wp-content\/uploads\/sites\/2\/2026\/03\/imageMarocsite-455x300.jpg\" \n\t\t\t\t\talt=\"T\u00e9moignage de notre partenaire &#8211; Terre et Humanisme (MAROC) en visio\">\n\t\t\t<\/a>\n\t\t\t\t\t\t\t<a \n\t\t\t\t\tclass=\"post-cat\" \n\t\t\t\t\thref=\"https:\/\/reseau.ccfd-terresolidaire.org\/loire-atlantique\/category\/actualites\/\"\n\t\t\t\t\tstyle=\"color:#ffffff; background-color:#d72924; border-left-color:#d72924\"\n\t\t\t\t\t>\n\t\t\t\t\t<span style=\"color:#ffffff; background-color:#d72924; border-left-color:#d72924\"><\/span>\n\t\t\t\t\tActualit\u00e9s\t\t\t\t<\/a>\n\t\t\t\t\t<\/div>\n\t\t<div class=\"post-content\">\n\t\t\n\t\t\t<h3 class=\"post-title\">\n\t\t\t\t<a href=\"https:\/\/reseau.ccfd-terresolidaire.org\/loire-atlantique\/2026\/03\/02\/temoignage-de-notre-partenaire-terre-et-humanisme-maroc-en-visio\/\">T\u00e9moignage de notre partenaire &#8211; Terre et Humanisme (MAROC) en visio<\/a>\n\t\t\t<\/h3>\n\t\t\t<ul class=\"post-meta-info\">\n\t\t\t\t\t\t\t\t\t\t\t\t<li>\n\t\t\t\t\t<i class=\"fa fa-clock-o\"><\/i>2 mars 2026\t\t\t\t<\/li>\n\t\t\t\t\t\t\t<\/ul>\n\t\t\t<p>\n\t\t\t\tSoir\u00e9e d\u00e9bat avec le t\u00e9moignage de notre partenaire au Maroc - Salle La Fontaine \u00e0 Nantes\t\t\t<\/p>\n\t\t<\/div>\n\t<\/div>\n<\/div>                        <\/div>\n                                    <\/div>\n            <\/div>\n        \n\n\n      \t\t<\/div>\n\t\t\t\t<\/div>\n\t\t\t\t\t\t<\/div>\n\t\t\t\t\t<\/div>\n\t\t<\/div>\n\t\t\t\t\t\t\t\t<\/div>\n\t\t\t\t\t<\/div>\n\t\t<\/section>\n\t\t\t\t<section class=\"elementor-section elementor-top-section elementor-element elementor-element-5fdb141 elementor-section-boxed elementor-section-height-default elementor-section-height-default\" data-id=\"5fdb141\" data-element_type=\"section\">\n\t\t\t\t\t\t<div class=\"elementor-container elementor-column-gap-default\">\n\t\t\t\t\t\t\t<div class=\"elementor-row\">\n\t\t\t\t\t<div class=\"elementor-column elementor-col-100 elementor-top-column elementor-element elementor-element-06a4b20\" data-id=\"06a4b20\" data-element_type=\"column\">\n\t\t\t<div class=\"elementor-column-wrap elementor-element-populated\">\n\t\t\t\t\t\t\t<div class=\"elementor-widget-wrap\">\n\t\t\t\t\t\t<div class=\"elementor-element elementor-element-9a4ffbd elementor-widget elementor-widget-heading\" data-id=\"9a4ffbd\" data-element_type=\"widget\" data-widget_type=\"heading.default\">\n\t\t\t\t<div class=\"elementor-widget-container\">\n\t\t\t<h3 class=\"elementor-heading-title elementor-size-default\">Les alli\u00e9s en Loire Atlantique et dans le dioc\u00e8se<\/h3>\t\t<\/div>\n\t\t\t\t<\/div>\n\t\t\t\t<div class=\"elementor-element elementor-element-7a9ce20 elementor-widget elementor-widget-text-editor\" data-id=\"7a9ce20\" data-element_type=\"widget\" data-widget_type=\"text-editor.default\">\n\t\t\t\t<div class=\"elementor-widget-container\">\n\t\t\t\t\t<div class=\"elementor-text-editor elementor-clearfix\"><p><strong>Des mouvements de la\u00efcs et services d\u2019\u00c9glise sont membres du CCFD-Terre Solidaire ainsi que des adh\u00e9rents directs.<br \/><\/strong>Membres de l\u2019association CCFD-Terre Solidaire, en Loire-Atlantique, 15 mouvements de la\u00efcs et services d&rsquo;Eglise participent aux orientations de l\u2019association. Nombre de leurs b\u00e9n\u00e9voles s\u2019impliquent dans son animation aux c\u00f4t\u00e9s d\u2019animateurs et d\u2019acteurs divers venus vivre l\u2019aventure du CCFD-Terre Solidaire. \u00c0 leurs c\u00f4t\u00e9s, des hommes et des femmes s\u2019engagent aujourd\u2019hui et individuellement au CCFD-Terre Solidaire..<br \/>Retrouvez la liste des mouvements de la\u00efcs et des services d\u2019\u00c9glise <a href=\"https:\/\/reseau.ccfd-terresolidaire.org\/loire-atlantique\/wp-content\/uploads\/sites\/2\/2020\/10\/listeMSEnantes.pdf\">au niveau de la Loire Atlantique<\/a> et la liste <a href=\"https:\/\/ccfd-terresolidaire.org\/nous-connaitre\/vie-associative-et-gouvernance\/les-mouvements-de-laics-279\">au niveau national<\/a>.<br \/>Ins\u00e9r\u00e9 dans le dioc\u00e8se de Nantes, en particulier au moment du Car\u00eame, nous sommes en lien avec les paroisses. Nous participons \u00e9galement, depuis sa cr\u00e9ation, au comit\u00e9 vigilance solidarit\u00e9 dioc\u00e9sain en compagnie des autres mouvements concern\u00e9s.<br \/><strong>Avec plusieurs associations alli\u00e9es<\/strong> (Secours Catholique, collectif \u00c9thique sur l&rsquo;\u00e9tiquette, Artisans du Monde, Maison des Citoyens du Monde, Plateforme des ONG 44 Palestine-Isra\u00ebl, Oxfam 44, etc\u2026), nous participons \u00e0 des actions de sensibilisation sur des th\u00e9matiques diverses li\u00e9es \u00e0 la solidarit\u00e9 internationale.<\/p><\/div>\n\t\t\t\t<\/div>\n\t\t\t\t<\/div>\n\t\t\t\t\t\t<\/div>\n\t\t\t\t\t<\/div>\n\t\t<\/div>\n\t\t\t\t\t\t\t\t<\/div>\n\t\t\t\t\t<\/div>\n\t\t<\/section>\n\t\t\t\t\t\t<\/div>\n\t\t\t\t\t\t<\/div>\n\t\t\t\t\t<\/div>\n\t\t","protected":false},"excerpt":{"rendered":"<p>Qui sommes-nous ? Acteur historique du changement, le CCFD-Terre Solidaire agit contre toutes les causes directes et indirectes de la faim et toutes les formes d\u2019injustices. Cet engagement pour plus de justice et de solidarit\u00e9 prend racine dans l\u2019\u00c9vangile et la pens\u00e9e sociale de l\u2019Eglise. Loin des pratiques d\u2019assistance et d\u2019urgence, notre action de solidarit\u00e9&#8230;<\/p>\n","protected":false},"author":1,"featured_media":0,"parent":0,"menu_order":0,"comment_status":"closed","ping_status":"closed","template":"elementor_header_footer","meta":[],"_links":{"self":[{"href":"https:\/\/reseau.ccfd-terresolidaire.org\/loire-atlantique\/wp-json\/wp\/v2\/pages\/37"}],"collection":[{"href":"https:\/\/reseau.ccfd-terresolidaire.org\/loire-atlantique\/wp-json\/wp\/v2\/pages"}],"about":[{"href":"https:\/\/reseau.ccfd-terresolidaire.org\/loire-atlantique\/wp-json\/wp\/v2\/types\/page"}],"author":[{"embeddable":true,"href":"https:\/\/reseau.ccfd-terresolidaire.org\/loire-atlantique\/wp-json\/wp\/v2\/users\/1"}],"replies":[{"embeddable":true,"href":"https:\/\/reseau.ccfd-terresolidaire.org\/loire-atlantique\/wp-json\/wp\/v2\/comments?post=37"}],"version-history":[{"count":157,"href":"https:\/\/reseau.ccfd-terresolidaire.org\/loire-atlantique\/wp-json\/wp\/v2\/pages\/37\/revisions"}],"predecessor-version":[{"id":9746,"href":"https:\/\/reseau.ccfd-terresolidaire.org\/loire-atlantique\/wp-json\/wp\/v2\/pages\/37\/revisions\/9746"}],"wp:attachment":[{"href":"https:\/\/reseau.ccfd-terresolidaire.org\/loire-atlantique\/wp-json\/wp\/v2\/media?parent=37"}],"curies":[{"name":"wp","href":"https:\/\/api.w.org\/{rel}","templated":true}]}}